{"id":158,"date":"2020-02-17T15:00:20","date_gmt":"2020-02-17T15:00:20","guid":{"rendered":"http:\/\/bizix.premiumthemes.in\/?page_id=158"},"modified":"2025-06-04T20:15:16","modified_gmt":"2025-06-04T20:15:16","slug":"home-1","status":"publish","type":"page","link":"https:\/\/castelanasesores.com\/","title":{"rendered":"Home 1"},"content":{"rendered":"<p><img fetchpriority=\"high\" decoding=\"async\" width=\"512\" height=\"512\" src=\"https:\/\/castelanasesores.com\/wp-content\/uploads\/2020\/02\/home1-welcome.jpg\" alt=\"\" srcset=\"https:\/\/castelanasesores.com\/wp-content\/uploads\/2020\/02\/home1-welcome.jpg 512w, https:\/\/castelanasesores.com\/wp-content\/uploads\/2020\/02\/home1-welcome-300x300.jpg 300w, https:\/\/castelanasesores.com\/wp-content\/uploads\/2020\/02\/home1-welcome-150x150.jpg 150w, https:\/\/castelanasesores.com\/wp-content\/uploads\/2020\/02\/home1-welcome-90x90.jpg 90w\" sizes=\"(max-width: 512px) 100vw, 512px\" \/><br \/>\n\t\t\tSobre nosotros<\/p>\n<h2>El \u00e9xito comienza cuando tus n\u00fameros hablan claro.<\/h2>\n<p>Nuestro prop\u00f3sito es darte el control y la tranquilidad que necesitas para dirigir tu negocio con confianza y visi\u00f3n de futuro. \u00bfC\u00f3mo? Combinamos m\u00e1s de 25 a\u00f1os de experiencia fiscal y contable con la innovaci\u00f3n de herramientas como Luca, tu copiloto financiero digital, para transformar datos complejos en decisiones estrat\u00e9gicas simples. Te ofrecemos la asesor\u00eda y las herramientas para que te enfoques en lo que amas:<b> hacer crecer tu pasi\u00f3n<\/b>.<\/p>\n<p>\t\t\t\t\t<a href=\"https:\/\/mkai.mx\/castelan\/about-us\/\"><br \/>\n\t\t\t\t\t\t\t\t\t\u00a1Cont\u00e1ctanos!<br \/>\n\t\t\t\t\t<\/a><\/p>\n<h2>Nuestros Servicios<\/h2>\n<p>Descubre todo lo que podemos hacer por tu empresa: combinamos 20 a\u00f1os de experiencia contable con la inteligencia de <strong data-start=\"148\" data-end=\"156\">Luca<\/strong>, nuestro copiloto financiero digital, para que tomes decisiones \u2013 no solo balances.<\/p>\n<p>\t\t\t\t\t\t\t<a href=\"https:\/\/mkai.mx\/castelan\/services\/website-designing\/\"><img width=\"667\" height=\"515\" src=\"https:\/\/castelanasesores.com\/wp-content\/uploads\/2020\/02\/service4.jpg\" alt=\"\" decoding=\"async\" srcset=\"https:\/\/castelanasesores.com\/wp-content\/uploads\/2020\/02\/service4.jpg 667w, https:\/\/castelanasesores.com\/wp-content\/uploads\/2020\/02\/service4-300x232.jpg 300w\" sizes=\"(max-width: 667px) 100vw, 667px\" \/><\/a><img width=\"50\" height=\"50\" src=\"https:\/\/castelanasesores.com\/wp-content\/uploads\/2020\/02\/icon-chat.png\" alt=\"\" decoding=\"async\" \/><\/p>\n<h6><a href=\"https:\/\/mkai.mx\/castelan\/services\/website-designing\/\">Descarga masiva de CFDI<\/a><\/h6>\n<p>Lorem ipsum dolor sit amet conse ctetur adipiscing elit sed do eiusmod tempor ares incididunt utlabore.<a href=\"https:\/\/mkai.mx\/castelan\/services\/website-designing\/\">Learn More<\/a><br \/>\n\t\t\t\t\t\t\t<a href=\"https:\/\/mkai.mx\/castelan\/services\/website-designing\/\"><img loading=\"lazy\" width=\"667\" height=\"515\" src=\"https:\/\/castelanasesores.com\/wp-content\/uploads\/2020\/02\/service5.jpg\" alt=\"\" decoding=\"async\" srcset=\"https:\/\/castelanasesores.com\/wp-content\/uploads\/2020\/02\/service5.jpg 667w, https:\/\/castelanasesores.com\/wp-content\/uploads\/2020\/02\/service5-300x232.jpg 300w\" sizes=\"(max-width: 667px) 100vw, 667px\" \/><\/a><img loading=\"lazy\" width=\"50\" height=\"50\" src=\"https:\/\/castelanasesores.com\/wp-content\/uploads\/2020\/02\/icon-video.png\" alt=\"\" decoding=\"async\" \/><\/p>\n<h6><a href=\"https:\/\/mkai.mx\/castelan\/services\/website-designing\/\">Devoluci\u00f3n de IVA<\/a><\/h6>\n<p>Lorem ipsum dolor sit amet conse ctetur adipiscing elit sed do eiusmod tempor ares incididunt utlabore.<a href=\"https:\/\/mkai.mx\/castelan\/services\/website-designing\/\">Learn More<\/a><br \/>\n\t\t\t\t\t\t\t<a href=\"https:\/\/mkai.mx\/castelan\/services\/website-designing\/\"><img loading=\"lazy\" width=\"667\" height=\"515\" src=\"https:\/\/castelanasesores.com\/wp-content\/uploads\/2020\/02\/service6.jpg\" alt=\"\" decoding=\"async\" srcset=\"https:\/\/castelanasesores.com\/wp-content\/uploads\/2020\/02\/service6.jpg 667w, https:\/\/castelanasesores.com\/wp-content\/uploads\/2020\/02\/service6-300x232.jpg 300w\" sizes=\"(max-width: 667px) 100vw, 667px\" \/><\/a><img loading=\"lazy\" width=\"50\" height=\"50\" src=\"https:\/\/castelanasesores.com\/wp-content\/uploads\/2020\/02\/icon-bulb.png\" alt=\"\" decoding=\"async\" \/><\/p>\n<h6><a href=\"https:\/\/mkai.mx\/castelan\/services\/website-designing\/\">Contabilidad<\/a><\/h6>\n<p>Lorem ipsum dolor sit amet conse ctetur adipiscing elit sed do eiusmod tempor ares incididunt utlabore.<a href=\"https:\/\/mkai.mx\/castelan\/services\/website-designing\/\">Learn More<\/a><br \/>\n\t\t\t  <!-- gyan-services-full-items --><br \/>\n\t\t\t\t\t\t\t\t\t\t\t\t\t\t\t<img loading=\"lazy\" decoding=\"async\" width=\"548\" height=\"582\" src=\"https:\/\/castelanasesores.com\/wp-content\/uploads\/2020\/02\/home1-pic1.jpg\" alt=\"\" srcset=\"https:\/\/castelanasesores.com\/wp-content\/uploads\/2020\/02\/home1-pic1.jpg 548w, https:\/\/castelanasesores.com\/wp-content\/uploads\/2020\/02\/home1-pic1-282x300.jpg 282w\" sizes=\"(max-width: 548px) 100vw, 548px\" \/><br \/>\n\t\t\tTu Copiloto Digital<\/p>\n<h2>Conoce LUCA<\/h2>\n<p>Luca traduce tus datos contables en informaci\u00f3n clara, visual y accionable, directamente en tus manos. Es hora de tomar el control y dirigir tu negocio con confianza total.\t\t<\/p>\n<p>Aliquam sodales justo sit amet urna auctor scelerisquinterdum leo antet tempus enim esent egetis hendrerit vel nibh vitae ornar sem velit aliquam facilisivitae finibus risus feslin is hendrerit vel nibh vitae ornar uspendisse consequat quis sem velit aliquam facilisis. Donec pulinar magna id leo pelsque perdied lorem ipsum dolor digssim.<\/p>\n<p>\t\t\t\t\t<a href=\"https:\/\/www.youtube.com\/watch?v=5DDwj97-h3c\" ><img loading=\"lazy\" width=\"41\" height=\"41\" src=\"https:\/\/castelanasesores.com\/wp-content\/uploads\/2020\/02\/home1-icon-play.png\" alt=\"\" decoding=\"async\" \/>\t\t\t\t\t<\/a><br \/>\n\t\t\t\t\t\t\t\t\tWatch Our<br \/> Two Minute Intro<br \/>\n\t\t\t\t\t\t\t\t\t\t\t\t\t\t\t<img loading=\"lazy\" decoding=\"async\" width=\"665\" height=\"775\" src=\"https:\/\/castelanasesores.com\/wp-content\/uploads\/2020\/02\/home1-contact-pic.jpg\" alt=\"\" srcset=\"https:\/\/castelanasesores.com\/wp-content\/uploads\/2020\/02\/home1-contact-pic.jpg 665w, https:\/\/castelanasesores.com\/wp-content\/uploads\/2020\/02\/home1-contact-pic-257x300.jpg 257w\" sizes=\"(max-width: 665px) 100vw, 665px\" \/>\t\t\t\t\t\t\t\t\t\t\t\t\t\t\t<\/p>\n<h2>Da el paso a la tranquilidad financiera, \u00a1escr\u00edbenos hoy!<\/h2>\n<p role=\"status\" aria-live=\"polite\" aria-atomic=\"true\">\n<ul><\/ul>\n<form action=\"\/castelan\/wp-admin\/admin-ajax.php#wpcf7-f175-o1\" method=\"post\" aria-label=\"Contact form\" novalidate=\"novalidate\" data-status=\"init\">\n<input type=\"hidden\" name=\"_wpcf7\" value=\"175\" \/><br \/>\n<input type=\"hidden\" name=\"_wpcf7_version\" value=\"6.0.6\" \/><br \/>\n<input type=\"hidden\" name=\"_wpcf7_locale\" value=\"en_US\" \/><br \/>\n<input type=\"hidden\" name=\"_wpcf7_unit_tag\" value=\"wpcf7-f175-o1\" \/><br \/>\n<input type=\"hidden\" name=\"_wpcf7_container_post\" value=\"0\" \/><br \/>\n<input type=\"hidden\" name=\"_wpcf7_posted_data_hash\" value=\"\" \/><\/p>\n<p><input size=\"40\" maxlength=\"400\" aria-required=\"true\" aria-invalid=\"false\" placeholder=\"Your Name\" value=\"\" type=\"text\" name=\"your-name\" \/>\n\t\t\t<\/p>\n<p><input size=\"40\" maxlength=\"400\" aria-required=\"true\" aria-invalid=\"false\" placeholder=\"Email ID\" value=\"\" type=\"email\" name=\"your-email\" \/>\n\t\t\t<\/p>\n<p><input size=\"40\" maxlength=\"400\" aria-invalid=\"false\" placeholder=\"Phone No.\" value=\"\" type=\"text\" name=\"your-phone\" \/>\n\t\t\t<\/p>\n<p><input size=\"40\" maxlength=\"400\" aria-invalid=\"false\" placeholder=\"Subject\" value=\"\" type=\"text\" name=\"your-subject\" \/>\n\t\t\t<\/p>\n<p><textarea cols=\"40\" rows=\"10\" maxlength=\"2000\" aria-invalid=\"false\" placeholder=\"Your Message\" name=\"your-message\"><\/textarea>\n\t<\/p>\n<p><input type=\"submit\" value=\"Send Message\" \/>\n<\/p>\n<\/form>\n<p>\t\t\tLo que dicen nuestros clientes<\/p>\n<h2>Historias reales, resultados palpables.<\/h2>\n<p>Descubre c\u00f3mo empresas como la tuya hoy conf\u00edan en Castel\u00e1n para llevar sus finanzas al siguiente nivel.<\/p>\n<p>\t\t\t\t\t\t\tLorem ipsum dolor sit amet saresw consectetur adipis cing elit sed do eiusmod tempor incidi dunt ut labore etolore magna aliqua ipsum suspen disse ultrices ida commodo.<br \/>\n\t\t\t\t\t\t\t\t\t\t\t<img loading=\"lazy\" width=\"150\" height=\"150\" src=\"https:\/\/castelanasesores.com\/wp-content\/uploads\/2020\/02\/testimonial2.jpg\" alt=\"Alisha Smith\" decoding=\"async\" srcset=\"https:\/\/castelanasesores.com\/wp-content\/uploads\/2020\/02\/testimonial2.jpg 150w, https:\/\/castelanasesores.com\/wp-content\/uploads\/2020\/02\/testimonial2-90x90.jpg 90w\" sizes=\"(max-width: 150px) 100vw, 150px\" \/><\/p>\n<h6>Alisha Smith<\/h6>\n<p>\t\t\t\t\t\t\t\tArt Director<br \/>\n\t\t\t\t\t\t\tLorem ipsum dolor sit amet saresw consectetur adipis cing elit sed do eiusmod tempor incidi dunt ut labore etolore magna aliqua ipsum suspen disse ultrices ida commodo.<br \/>\n\t\t\t\t\t\t\t\t\t\t\t<img loading=\"lazy\" width=\"150\" height=\"150\" src=\"https:\/\/castelanasesores.com\/wp-content\/uploads\/2020\/02\/testimonial3.jpg\" alt=\"Andrew Wills\" decoding=\"async\" srcset=\"https:\/\/castelanasesores.com\/wp-content\/uploads\/2020\/02\/testimonial3.jpg 150w, https:\/\/castelanasesores.com\/wp-content\/uploads\/2020\/02\/testimonial3-90x90.jpg 90w\" sizes=\"(max-width: 150px) 100vw, 150px\" \/><\/p>\n<h6>Andrew Wills<\/h6>\n<p>\t\t\t\t\t\t\t\tPhotographer<br \/>\n\t\t\t\t\t\t\tLorem ipsum dolor sit amet saresw consectetur adipis cing elit sed do eiusmod tempor incidi dunt ut labore etolore magna aliqua ipsum suspen disse ultrices ida commodo.<br \/>\n\t\t\t\t\t\t\t\t\t\t\t<img loading=\"lazy\" width=\"150\" height=\"150\" src=\"https:\/\/castelanasesores.com\/wp-content\/uploads\/2020\/02\/testimonial1.jpg\" alt=\"William George\" decoding=\"async\" srcset=\"https:\/\/castelanasesores.com\/wp-content\/uploads\/2020\/02\/testimonial1.jpg 150w, https:\/\/castelanasesores.com\/wp-content\/uploads\/2020\/02\/testimonial1-90x90.jpg 90w\" sizes=\"(max-width: 150px) 100vw, 150px\" \/><\/p>\n<h6>William George<\/h6>\n<p>\t\t\t\t\t\t\t\tGraphic Manager<br \/>\n\t\t\t\t\t\t\tLorem ipsum dolor sit amet saresw consectetur adipis cing elit sed do eiusmod tempor incidi dunt ut labore etolore magna aliqua ipsum suspen disse ultrices ida commodo.<br \/>\n\t\t\t\t\t\t\t\t\t\t\t<img loading=\"lazy\" width=\"150\" height=\"150\" src=\"https:\/\/castelanasesores.com\/wp-content\/uploads\/2020\/02\/testimonial4.jpg\" alt=\"Brenda Wills\" decoding=\"async\" srcset=\"https:\/\/castelanasesores.com\/wp-content\/uploads\/2020\/02\/testimonial4.jpg 150w, https:\/\/castelanasesores.com\/wp-content\/uploads\/2020\/02\/testimonial4-90x90.jpg 90w\" sizes=\"(max-width: 150px) 100vw, 150px\" \/><\/p>\n<h6>Brenda Wills<\/h6>\n<p>\t\t\t\t\t\t\t\tSales Manager<br \/>\n\t\t\t\t\t\t\tLorem ipsum dolor sit amet saresw consectetur adipis cing elit sed do eiusmod tempor incidi dunt ut labore etolore magna aliqua ipsum suspen disse ultrices ida commodo.<br \/>\n\t\t\t\t\t\t\t\t\t\t\t<img loading=\"lazy\" width=\"150\" height=\"150\" src=\"https:\/\/castelanasesores.com\/wp-content\/uploads\/2020\/02\/testimonial5.jpg\" alt=\"James Gibson\" decoding=\"async\" srcset=\"https:\/\/castelanasesores.com\/wp-content\/uploads\/2020\/02\/testimonial5.jpg 150w, https:\/\/castelanasesores.com\/wp-content\/uploads\/2020\/02\/testimonial5-90x90.jpg 90w\" sizes=\"(max-width: 150px) 100vw, 150px\" \/><\/p>\n<h6>James Gibson<\/h6>\n<p>\t\t\t\t\t\t\t\tWeb Designer<br \/>\n\t\t\t\t\t\t\tLorem ipsum dolor sit amet saresw consectetur adipis cing elit sed do eiusmod tempor incidi dunt ut labore etolore magna aliqua ipsum suspen disse ultrices ida commodo.<br \/>\n\t\t\t\t\t\t\t\t\t\t\t<img loading=\"lazy\" width=\"150\" height=\"150\" src=\"https:\/\/castelanasesores.com\/wp-content\/uploads\/2020\/02\/testimonials6.jpg\" alt=\"Toni Morrison\" decoding=\"async\" srcset=\"https:\/\/castelanasesores.com\/wp-content\/uploads\/2020\/02\/testimonials6.jpg 150w, https:\/\/castelanasesores.com\/wp-content\/uploads\/2020\/02\/testimonials6-90x90.jpg 90w\" sizes=\"(max-width: 150px) 100vw, 150px\" \/><\/p>\n<h6>Toni Morrison<\/h6>\n<p>\t\t\t\t\t\t\t\tProject Manager<br \/>\n\t\t\tOur News and Articles<\/p>\n<h2>Lo m\u00e1s reciente en nuestro blog<\/h2>\n<p>Mantente al d\u00eda con ideas frescas, tips contables y estrategias que impulsar\u00e1n tu negocio. Explora nuestras \u00faltimas publicaciones y transforma la forma en que ves tus finanzas.<\/p>\n<h2><a href=\"https:\/\/mkai.mx\/castelan\/hello-world\/\">Hello world!                                <\/a><\/h2>\n<p>                                    Welcome to WordPress. This is your first post. Edit or delete it, then start writing!<br \/>\n                                <a href=\"https:\/\/mkai.mx\/castelan\/hello-world\/\"><\/a><br \/>\n                                    mayo 26, 2025<br \/>\n     <!-- gyan-post-grid-item-inner --><br \/>\n <!-- gyan-post-grid-item --><\/p>\n<ul>\n<li>0<\/li>\n<li>32<\/li>\n<li><a href=\"https:\/\/mkai.mx\/castelan\/why-a-visual-identity-system-is-more-memorable-than-a-logo\/#respond\">0<\/a><\/li>\n<\/ul>\n<p>                    <a href=\"https:\/\/mkai.mx\/castelan\/why-a-visual-identity-system-is-more-memorable-than-a-logo\/\"><img loading=\"lazy\" width=\"807\" height=\"520\" src=\"https:\/\/castelanasesores.com\/wp-content\/uploads\/2020\/02\/1.jpg\" alt=\"\" decoding=\"async\" srcset=\"https:\/\/castelanasesores.com\/wp-content\/uploads\/2020\/02\/1.jpg 807w, https:\/\/castelanasesores.com\/wp-content\/uploads\/2020\/02\/1-300x193.jpg 300w, https:\/\/castelanasesores.com\/wp-content\/uploads\/2020\/02\/1-768x495.jpg 768w\" sizes=\"(max-width: 807px) 100vw, 807px\" \/><\/a><\/p>\n<ul>\n<li>0<\/li>\n<li>32<\/li>\n<li><a href=\"https:\/\/mkai.mx\/castelan\/why-a-visual-identity-system-is-more-memorable-than-a-logo\/#respond\">0<\/a><\/li>\n<\/ul>\n<h2><a href=\"https:\/\/mkai.mx\/castelan\/why-a-visual-identity-system-is-more-memorable-than-a-logo\/\">Why a visual identity system is more memorable                                <\/a><\/h2>\n<p>                                    Lorem ipsum dolor sito amet, conse ctetuer adipiscing elit sed diam nonum nibhie euisod. Facilisis at vero<br \/>\n                                <a href=\"https:\/\/mkai.mx\/castelan\/why-a-visual-identity-system-is-more-memorable-than-a-logo\/\"><\/a><br \/>\n                                    agosto 23, 2019<br \/>\n     <!-- gyan-post-grid-item-inner --><br \/>\n <!-- gyan-post-grid-item --><\/p>\n\n\n<p><\/p>\n","protected":false},"excerpt":{"rendered":"<p>Sobre nosotros El \u00e9xito comienza cuando tus n\u00fameros hablan claro. Nuestro prop\u00f3sito es darte el control y la tranquilidad que necesitas para dirigir tu negocio con confianza y visi\u00f3n de futuro. \u00bfC\u00f3mo? Combinamos m\u00e1s de 25 a\u00f1os de experiencia fiscal y contable con la innovaci\u00f3n de herramientas como Luca, tu [&hellip;]<\/p>\n","protected":false},"author":2,"featured_media":0,"parent":0,"menu_order":0,"comment_status":"closed","ping_status":"closed","template":"elementor_header_footer","meta":{"footnotes":""},"class_list":["post-158","page","type-page","status-publish","hentry"],"_links":{"self":[{"href":"https:\/\/castelanasesores.com\/index.php\/wp-json\/wp\/v2\/pages\/158","targetHints":{"allow":["GET"]}}],"collection":[{"href":"https:\/\/castelanasesores.com\/index.php\/wp-json\/wp\/v2\/pages"}],"about":[{"href":"https:\/\/castelanasesores.com\/index.php\/wp-json\/wp\/v2\/types\/page"}],"author":[{"embeddable":true,"href":"https:\/\/castelanasesores.com\/index.php\/wp-json\/wp\/v2\/users\/2"}],"replies":[{"embeddable":true,"href":"https:\/\/castelanasesores.com\/index.php\/wp-json\/wp\/v2\/comments?post=158"}],"version-history":[{"count":1,"href":"https:\/\/castelanasesores.com\/index.php\/wp-json\/wp\/v2\/pages\/158\/revisions"}],"predecessor-version":[{"id":2335,"href":"https:\/\/castelanasesores.com\/index.php\/wp-json\/wp\/v2\/pages\/158\/revisions\/2335"}],"wp:attachment":[{"href":"https:\/\/castelanasesores.com\/index.php\/wp-json\/wp\/v2\/media?parent=158"}],"curies":[{"name":"wp","href":"https:\/\/api.w.org\/{rel}","templated":true}]}}